{"id":5426,"date":"2022-03-02T18:21:32","date_gmt":"2022-03-02T17:21:32","guid":{"rendered":"https:\/\/terreno.se\/?page_id=5426"},"modified":"2025-03-27T13:38:34","modified_gmt":"2025-03-27T12:38:34","slug":"the-winery-hotel","status":"publish","type":"page","link":"https:\/\/terreno.eu\/it\/the-winery-hotel\/","title":{"rendered":"The Winery Hotel"},"content":{"rendered":"<div data-elementor-type=\"wp-page\" data-elementor-id=\"5426\" class=\"elementor elementor-5426\" data-elementor-post-type=\"page\">\n\t\t\t\t\t\t<section class=\"elementor-section elementor-top-section elementor-element elementor-element-2ded10b2 elementor-section-full_width elementor-section-height-min-height elementor-section-height-default elementor-section-items-middle\" data-id=\"2ded10b2\" data-element_type=\"section\" data-e-type=\"section\" data-settings=\"{&quot;background_background&quot;:&quot;classic&quot;}\">\n\t\t\t\t\t\t<div class=\"elementor-container elementor-column-gap-default\">\n\t\t\t\t\t<div class=\"elementor-column elementor-col-100 elementor-top-column elementor-element elementor-element-ba54f69\" data-id=\"ba54f69\" data-element_type=\"column\" data-e-type=\"column\">\n\t\t\t<div class=\"elementor-widget-wrap elementor-element-populated\">\n\t\t\t\t\t\t<div class=\"elementor-element elementor-element-b924b7d elementor-align-center elementor-widget elementor-widget-button\" data-id=\"b924b7d\" data-element_type=\"widget\" data-e-type=\"widget\" data-widget_type=\"button.default\">\n\t\t\t\t<div class=\"elementor-widget-container\">\n\t\t\t\t\t\t\t\t\t<div class=\"elementor-button-wrapper\">\n\t\t\t\t\t<a class=\"elementor-button elementor-button-link elementor-size-sm\" href=\"http:\/\/www.thewineryhotel.se\" target=\"_blank\">\n\t\t\t\t\t\t<span class=\"elementor-button-content-wrapper\">\n\t\t\t\t\t\t\t\t\t<span class=\"elementor-button-text\">Visit thewineryhotel.se &gt;&gt; <\/span>\n\t\t\t\t\t<\/span>\n\t\t\t\t\t<\/a>\n\t\t\t\t<\/div>\n\t\t\t\t\t\t\t\t<\/div>\n\t\t\t\t<\/div>\n\t\t\t\t\t<\/div>\n\t\t<\/div>\n\t\t\t\t\t<\/div>\n\t\t<\/section>\n\t\t\t\t<section class=\"elementor-section elementor-top-section elementor-element elementor-element-47be0c25 elementor-section-height-min-height elementor-reverse-mobile elementor-section-full_width elementor-section-height-default elementor-section-items-middle\" data-id=\"47be0c25\" data-element_type=\"section\" data-e-type=\"section\" data-settings=\"{&quot;background_background&quot;:&quot;classic&quot;}\">\n\t\t\t\t\t\t<div class=\"elementor-container elementor-column-gap-default\">\n\t\t\t\t\t<div class=\"elementor-column elementor-col-50 elementor-top-column elementor-element elementor-element-6db6e0fd\" data-id=\"6db6e0fd\" data-element_type=\"column\" data-e-type=\"column\" data-settings=\"{&quot;background_background&quot;:&quot;classic&quot;}\">\n\t\t\t<div class=\"elementor-widget-wrap elementor-element-populated\">\n\t\t\t\t\t\t<div class=\"elementor-element elementor-element-9b7e3aa elementor-widget elementor-widget-image\" data-id=\"9b7e3aa\" data-element_type=\"widget\" data-e-type=\"widget\" data-widget_type=\"image.default\">\n\t\t\t\t<div class=\"elementor-widget-container\">\n\t\t\t\t\t\t\t\t\t\t\t\t\t\t\t<img decoding=\"async\" src=\"https:\/\/terreno.eu\/wp-content\/uploads\/elementor\/thumbs\/the-winery-hotel-logo-pla8jinh4japtq826oyojlkrwrbypw2zx74hk5qd3k.png\" title=\"the-winery-hotel-logo\" alt=\"the-winery-hotel-logo\" loading=\"lazy\" \/>\t\t\t\t\t\t\t\t\t\t\t\t\t\t\t<\/div>\n\t\t\t\t<\/div>\n\t\t\t\t<div class=\"elementor-element elementor-element-2f5f7b9f elementor-widget elementor-widget-text-editor\" data-id=\"2f5f7b9f\" data-element_type=\"widget\" data-e-type=\"widget\" data-widget_type=\"text-editor.default\">\n\t\t\t\t<div class=\"elementor-widget-container\">\n\t\t\t\t\t\t\t\t\t<h5>THE WINERY HOTEL<\/h5><p>Rosenborgsgatan 20<br \/>169 74 Solna, Svezia<\/p><p><a href=\"https:\/\/www.thewineryhotel.se\/en\">www.th<\/a><a href=\"https:\/\/www.thewineryhotel.se\/en\">ewineryhotel.se<\/a><\/p>\t\t\t\t\t\t\t\t<\/div>\n\t\t\t\t<\/div>\n\t\t\t\t\t<\/div>\n\t\t<\/div>\n\t\t\t\t<div class=\"elementor-column elementor-col-50 elementor-top-column elementor-element elementor-element-f9c9a3a\" data-id=\"f9c9a3a\" data-element_type=\"column\" data-e-type=\"column\" data-settings=\"{&quot;background_background&quot;:&quot;classic&quot;}\">\n\t\t\t<div class=\"elementor-widget-wrap elementor-element-populated\">\n\t\t\t\t\t\t<div class=\"elementor-element elementor-element-a64035f elementor-widget elementor-widget-text-editor\" data-id=\"a64035f\" data-element_type=\"widget\" data-e-type=\"widget\" data-widget_type=\"text-editor.default\">\n\t\t\t\t<div class=\"elementor-widget-container\">\n\t\t\t\t\t\t\t\t\t<h3>The Winery Hotel - un pezzo di Terreno a Stoccolma<\/h3><p>L\u2019idea che ci ha spinto ad aprire The Winery Hotel coincide con il nostro desiderio di trasmettere agli svedesi la conoscenza e la passione per il vino del Chianti Classico e per il cibo tradizionale toscano. The Winery Hotel \u00e8 situato nella citt\u00e0 di Stoccolma, ma si differenzia in pi\u00f9 modi dagli altri alberghi cittadini. Abbiamo realizzato al suo interno una vera e propria urban winery, che in epoca di vendemmia riproduce tutte le fasi della vinificazione, a partire da uve coltivate in Toscana. Per i nostri ospiti si tratta di un\u2019opportunit\u00e0 unica per una prima immersione nell\u2019arte enologica: in attesa di poterli accogliere con tutte le attenzioni nella nostra azienda in Chianti Classico, ci siamo attrezzati per offrire loro un primo assaggio dell\u2019affascinante complessit\u00e0 artigianale che sta dietro la produzione di una bottiglia di vino.<\/p><p>A The Winery Hotel, organizziamo vari eventi a tema per condividere il nostro mondo del vino, per esempio la Festa del Chianti Classico, invitando produttori del Chianti Classico al primo evento nel suo genere in Svezia. Degustazioni di vino, cene a tema ed eventi speciali vengono organizzati continuamente durante tutto l\u2019anno. In primavera, in estate e anche in parte dell\u2019autunno il roof top bar con piscina, premiato da Forbes come uno dei migliori al mondo, \u00e8 un luogo molto frequentato per coloro che vogliono godersi panorami urbani, buoni vini e un aperitivo italiano.<\/p><p>I due ristoranti dell\u2019hotel offrono genuini sapori italiani: Terreno Kitchen serve piatti eleganti e ha un\u2019ampia e variegata lista di vini, mentre Gallo Nero attira con pizza e gustosi piatti tradizionali del belpaese.<\/p><p>A The Winery Hotel come a Terreno, il nostro obiettivo \u00e8 condividere l\u2019affascinante mondo che circonda una bottiglia di vino e non vediamo l\u2019ora di darvi il benvenuto, sia a Stoccolma che in Toscana.<\/p>\t\t\t\t\t\t\t\t<\/div>\n\t\t\t\t<\/div>\n\t\t\t\t\t<\/div>\n\t\t<\/div>\n\t\t\t\t\t<\/div>\n\t\t<\/section>\n\t\t\t\t<section class=\"elementor-section elementor-top-section elementor-element elementor-element-28e0e92 elementor-section-full_width elementor-section-height-min-height elementor-reverse-mobile elementor-section-height-default elementor-section-items-middle\" data-id=\"28e0e92\" data-element_type=\"section\" data-e-type=\"section\" data-settings=\"{&quot;background_background&quot;:&quot;classic&quot;}\">\n\t\t\t\t\t\t<div class=\"elementor-container elementor-column-gap-default\">\n\t\t\t\t\t<div class=\"elementor-column elementor-col-33 elementor-top-column elementor-element elementor-element-e9d33d3\" data-id=\"e9d33d3\" data-element_type=\"column\" data-e-type=\"column\" data-settings=\"{&quot;background_background&quot;:&quot;classic&quot;}\">\n\t\t\t<div class=\"elementor-widget-wrap elementor-element-populated\">\n\t\t\t\t\t\t<div class=\"elementor-element elementor-element-f4e028b elementor-widget elementor-widget-spacer\" data-id=\"f4e028b\" data-element_type=\"widget\" data-e-type=\"widget\" data-widget_type=\"spacer.default\">\n\t\t\t\t<div class=\"elementor-widget-container\">\n\t\t\t\t\t\t\t<div class=\"elementor-spacer\">\n\t\t\t<div class=\"elementor-spacer-inner\"><\/div>\n\t\t<\/div>\n\t\t\t\t\t\t<\/div>\n\t\t\t\t<\/div>\n\t\t\t\t\t<\/div>\n\t\t<\/div>\n\t\t\t\t<div class=\"elementor-column elementor-col-33 elementor-top-column elementor-element elementor-element-a5f972f\" data-id=\"a5f972f\" data-element_type=\"column\" data-e-type=\"column\" data-settings=\"{&quot;background_background&quot;:&quot;classic&quot;}\">\n\t\t\t<div class=\"elementor-widget-wrap elementor-element-populated\">\n\t\t\t\t\t\t<div class=\"elementor-element elementor-element-23231bf elementor-widget elementor-widget-spacer\" data-id=\"23231bf\" data-element_type=\"widget\" data-e-type=\"widget\" data-widget_type=\"spacer.default\">\n\t\t\t\t<div class=\"elementor-widget-container\">\n\t\t\t\t\t\t\t<div class=\"elementor-spacer\">\n\t\t\t<div class=\"elementor-spacer-inner\"><\/div>\n\t\t<\/div>\n\t\t\t\t\t\t<\/div>\n\t\t\t\t<\/div>\n\t\t\t\t\t<\/div>\n\t\t<\/div>\n\t\t\t\t<div class=\"elementor-column elementor-col-33 elementor-top-column elementor-element elementor-element-160dd57\" data-id=\"160dd57\" data-element_type=\"column\" data-e-type=\"column\" data-settings=\"{&quot;background_background&quot;:&quot;classic&quot;}\">\n\t\t\t<div class=\"elementor-widget-wrap elementor-element-populated\">\n\t\t\t\t\t\t<div class=\"elementor-element elementor-element-2614714 elementor-widget elementor-widget-spacer\" data-id=\"2614714\" data-element_type=\"widget\" data-e-type=\"widget\" data-widget_type=\"spacer.default\">\n\t\t\t\t<div class=\"elementor-widget-container\">\n\t\t\t\t\t\t\t<div class=\"elementor-spacer\">\n\t\t\t<div class=\"elementor-spacer-inner\"><\/div>\n\t\t<\/div>\n\t\t\t\t\t\t<\/div>\n\t\t\t\t<\/div>\n\t\t\t\t\t<\/div>\n\t\t<\/div>\n\t\t\t\t\t<\/div>\n\t\t<\/section>\n\t\t\t\t<\/div>","protected":false},"excerpt":{"rendered":"<p>Visit thewineryhotel.se >> THE WINERY HOTEL Rosenborgsgatan 20169 74 Solna, Sweden www.thewineryhotel.se The Winery Hotel &#8211; a part of Terreno in Stockholm The idea behind The Winery Hotel is to create a stronger link between Italy and Sweden. The Winery Hotel is located in Stockholm but is different from other destination hotels in many ways. [&hellip;]<\/p>\n","protected":false},"author":5,"featured_media":0,"parent":0,"menu_order":0,"comment_status":"closed","ping_status":"closed","template":"","meta":{"footnotes":""},"class_list":["post-5426","page","type-page","status-publish","hentry"],"yoast_head":"<!-- This site is optimized with the Yoast SEO plugin v27.5 - https:\/\/yoast.com\/product\/yoast-seo-wordpress\/ -->\n<title>The Winery Hotel | Terreno<\/title>\n<meta name=\"robots\" content=\"index, follow, max-snippet:-1, max-image-preview:large, max-video-preview:-1\" \/>\n<link rel=\"canonical\" href=\"https:\/\/terreno.eu\/it\/the-winery-hotel\/\" \/>\n<meta property=\"og:locale\" content=\"it_IT\" \/>\n<meta property=\"og:type\" content=\"article\" \/>\n<meta property=\"og:title\" content=\"The Winery Hotel | Terreno\" \/>\n<meta property=\"og:description\" content=\"Visit thewineryhotel.se &gt;&gt; THE WINERY HOTEL Rosenborgsgatan 20169 74 Solna, Sweden www.thewineryhotel.se The Winery Hotel &#8211; a part of Terreno in Stockholm The idea behind The Winery Hotel is to create a stronger link between Italy and Sweden. The Winery Hotel is located in Stockholm but is different from other destination hotels in many ways. [&hellip;]\" \/>\n<meta property=\"og:url\" content=\"https:\/\/terreno.eu\/it\/the-winery-hotel\/\" \/>\n<meta property=\"og:site_name\" content=\"Terreno\" \/>\n<meta property=\"article:publisher\" content=\"https:\/\/www.facebook.com\/terrenovino\/\" \/>\n<meta property=\"article:modified_time\" content=\"2025-03-27T12:38:34+00:00\" \/>\n<meta property=\"og:image\" content=\"https:\/\/terreno.eu\/wp-content\/uploads\/elementor\/thumbs\/the-winery-hotel-logo-pla8jinh4japtq826oyojlkrwrbypw2zx74hk5qd3k.png\" \/>\n<meta name=\"twitter:card\" content=\"summary_large_image\" \/>\n<meta name=\"twitter:label1\" content=\"Tempo di lettura stimato\" \/>\n\t<meta name=\"twitter:data1\" content=\"2 minuti\" \/>\n<script type=\"application\/ld+json\" class=\"yoast-schema-graph\">{\"@context\":\"https:\\\/\\\/schema.org\",\"@graph\":[{\"@type\":\"WebPage\",\"@id\":\"https:\\\/\\\/terreno.eu\\\/the-winery-hotel\\\/\",\"url\":\"https:\\\/\\\/terreno.eu\\\/the-winery-hotel\\\/\",\"name\":\"The Winery Hotel | Terreno\",\"isPartOf\":{\"@id\":\"https:\\\/\\\/terreno.eu\\\/#website\"},\"primaryImageOfPage\":{\"@id\":\"https:\\\/\\\/terreno.eu\\\/the-winery-hotel\\\/#primaryimage\"},\"image\":{\"@id\":\"https:\\\/\\\/terreno.eu\\\/the-winery-hotel\\\/#primaryimage\"},\"thumbnailUrl\":\"https:\\\/\\\/terreno.eu\\\/wp-content\\\/uploads\\\/elementor\\\/thumbs\\\/the-winery-hotel-logo-pla8jinh4japtq826oyojlkrwrbypw2zx74hk5qd3k.png\",\"datePublished\":\"2022-03-02T17:21:32+00:00\",\"dateModified\":\"2025-03-27T12:38:34+00:00\",\"breadcrumb\":{\"@id\":\"https:\\\/\\\/terreno.eu\\\/the-winery-hotel\\\/#breadcrumb\"},\"inLanguage\":\"it-IT\",\"potentialAction\":[{\"@type\":\"ReadAction\",\"target\":[\"https:\\\/\\\/terreno.eu\\\/the-winery-hotel\\\/\"]}]},{\"@type\":\"ImageObject\",\"inLanguage\":\"it-IT\",\"@id\":\"https:\\\/\\\/terreno.eu\\\/the-winery-hotel\\\/#primaryimage\",\"url\":\"https:\\\/\\\/terreno.eu\\\/wp-content\\\/uploads\\\/elementor\\\/thumbs\\\/the-winery-hotel-logo-pla8jinh4japtq826oyojlkrwrbypw2zx74hk5qd3k.png\",\"contentUrl\":\"https:\\\/\\\/terreno.eu\\\/wp-content\\\/uploads\\\/elementor\\\/thumbs\\\/the-winery-hotel-logo-pla8jinh4japtq826oyojlkrwrbypw2zx74hk5qd3k.png\"},{\"@type\":\"BreadcrumbList\",\"@id\":\"https:\\\/\\\/terreno.eu\\\/the-winery-hotel\\\/#breadcrumb\",\"itemListElement\":[{\"@type\":\"ListItem\",\"position\":1,\"name\":\"Hem\",\"item\":\"https:\\\/\\\/terreno.eu\\\/\"},{\"@type\":\"ListItem\",\"position\":2,\"name\":\"The Winery Hotel\"}]},{\"@type\":\"WebSite\",\"@id\":\"https:\\\/\\\/terreno.eu\\\/#website\",\"url\":\"https:\\\/\\\/terreno.eu\\\/\",\"name\":\"Terreno\",\"description\":\"\",\"publisher\":{\"@id\":\"https:\\\/\\\/terreno.eu\\\/#organization\"},\"potentialAction\":[{\"@type\":\"SearchAction\",\"target\":{\"@type\":\"EntryPoint\",\"urlTemplate\":\"https:\\\/\\\/terreno.eu\\\/?s={search_term_string}\"},\"query-input\":{\"@type\":\"PropertyValueSpecification\",\"valueRequired\":true,\"valueName\":\"search_term_string\"}}],\"inLanguage\":\"it-IT\"},{\"@type\":\"Organization\",\"@id\":\"https:\\\/\\\/terreno.eu\\\/#organization\",\"name\":\"Terreno\",\"url\":\"https:\\\/\\\/terreno.eu\\\/\",\"logo\":{\"@type\":\"ImageObject\",\"inLanguage\":\"it-IT\",\"@id\":\"https:\\\/\\\/terreno.eu\\\/#\\\/schema\\\/logo\\\/image\\\/\",\"url\":\"https:\\\/\\\/terreno.eu\\\/wp-content\\\/uploads\\\/2022\\\/02\\\/Terreno-logo-goldlux-L.png\",\"contentUrl\":\"https:\\\/\\\/terreno.eu\\\/wp-content\\\/uploads\\\/2022\\\/02\\\/Terreno-logo-goldlux-L.png\",\"width\":350,\"height\":86,\"caption\":\"Terreno\"},\"image\":{\"@id\":\"https:\\\/\\\/terreno.eu\\\/#\\\/schema\\\/logo\\\/image\\\/\"},\"sameAs\":[\"https:\\\/\\\/www.facebook.com\\\/terrenovino\\\/\",\"https:\\\/\\\/www.instagram.com\\\/terrenovino\\\/\"]}]}<\/script>\n<!-- \/ Yoast SEO plugin. -->","yoast_head_json":{"title":"The Winery Hotel | Terreno","robots":{"index":"index","follow":"follow","max-snippet":"max-snippet:-1","max-image-preview":"max-image-preview:large","max-video-preview":"max-video-preview:-1"},"canonical":"https:\/\/terreno.eu\/it\/the-winery-hotel\/","og_locale":"it_IT","og_type":"article","og_title":"The Winery Hotel | Terreno","og_description":"Visit thewineryhotel.se >> THE WINERY HOTEL Rosenborgsgatan 20169 74 Solna, Sweden www.thewineryhotel.se The Winery Hotel &#8211; a part of Terreno in Stockholm The idea behind The Winery Hotel is to create a stronger link between Italy and Sweden. The Winery Hotel is located in Stockholm but is different from other destination hotels in many ways. [&hellip;]","og_url":"https:\/\/terreno.eu\/it\/the-winery-hotel\/","og_site_name":"Terreno","article_publisher":"https:\/\/www.facebook.com\/terrenovino\/","article_modified_time":"2025-03-27T12:38:34+00:00","og_image":[{"url":"https:\/\/terreno.eu\/wp-content\/uploads\/elementor\/thumbs\/the-winery-hotel-logo-pla8jinh4japtq826oyojlkrwrbypw2zx74hk5qd3k.png","type":"","width":"","height":""}],"twitter_card":"summary_large_image","twitter_misc":{"Tempo di lettura stimato":"2 minuti"},"schema":{"@context":"https:\/\/schema.org","@graph":[{"@type":"WebPage","@id":"https:\/\/terreno.eu\/the-winery-hotel\/","url":"https:\/\/terreno.eu\/the-winery-hotel\/","name":"The Winery Hotel | Terreno","isPartOf":{"@id":"https:\/\/terreno.eu\/#website"},"primaryImageOfPage":{"@id":"https:\/\/terreno.eu\/the-winery-hotel\/#primaryimage"},"image":{"@id":"https:\/\/terreno.eu\/the-winery-hotel\/#primaryimage"},"thumbnailUrl":"https:\/\/terreno.eu\/wp-content\/uploads\/elementor\/thumbs\/the-winery-hotel-logo-pla8jinh4japtq826oyojlkrwrbypw2zx74hk5qd3k.png","datePublished":"2022-03-02T17:21:32+00:00","dateModified":"2025-03-27T12:38:34+00:00","breadcrumb":{"@id":"https:\/\/terreno.eu\/the-winery-hotel\/#breadcrumb"},"inLanguage":"it-IT","potentialAction":[{"@type":"ReadAction","target":["https:\/\/terreno.eu\/the-winery-hotel\/"]}]},{"@type":"ImageObject","inLanguage":"it-IT","@id":"https:\/\/terreno.eu\/the-winery-hotel\/#primaryimage","url":"https:\/\/terreno.eu\/wp-content\/uploads\/elementor\/thumbs\/the-winery-hotel-logo-pla8jinh4japtq826oyojlkrwrbypw2zx74hk5qd3k.png","contentUrl":"https:\/\/terreno.eu\/wp-content\/uploads\/elementor\/thumbs\/the-winery-hotel-logo-pla8jinh4japtq826oyojlkrwrbypw2zx74hk5qd3k.png"},{"@type":"BreadcrumbList","@id":"https:\/\/terreno.eu\/the-winery-hotel\/#breadcrumb","itemListElement":[{"@type":"ListItem","position":1,"name":"Hem","item":"https:\/\/terreno.eu\/"},{"@type":"ListItem","position":2,"name":"The Winery Hotel"}]},{"@type":"WebSite","@id":"https:\/\/terreno.eu\/#website","url":"https:\/\/terreno.eu\/","name":"Terreno","description":"","publisher":{"@id":"https:\/\/terreno.eu\/#organization"},"potentialAction":[{"@type":"SearchAction","target":{"@type":"EntryPoint","urlTemplate":"https:\/\/terreno.eu\/?s={search_term_string}"},"query-input":{"@type":"PropertyValueSpecification","valueRequired":true,"valueName":"search_term_string"}}],"inLanguage":"it-IT"},{"@type":"Organization","@id":"https:\/\/terreno.eu\/#organization","name":"Terreno","url":"https:\/\/terreno.eu\/","logo":{"@type":"ImageObject","inLanguage":"it-IT","@id":"https:\/\/terreno.eu\/#\/schema\/logo\/image\/","url":"https:\/\/terreno.eu\/wp-content\/uploads\/2022\/02\/Terreno-logo-goldlux-L.png","contentUrl":"https:\/\/terreno.eu\/wp-content\/uploads\/2022\/02\/Terreno-logo-goldlux-L.png","width":350,"height":86,"caption":"Terreno"},"image":{"@id":"https:\/\/terreno.eu\/#\/schema\/logo\/image\/"},"sameAs":["https:\/\/www.facebook.com\/terrenovino\/","https:\/\/www.instagram.com\/terrenovino\/"]}]}},"_links":{"self":[{"href":"https:\/\/terreno.eu\/it\/wp-json\/wp\/v2\/pages\/5426","targetHints":{"allow":["GET"]}}],"collection":[{"href":"https:\/\/terreno.eu\/it\/wp-json\/wp\/v2\/pages"}],"about":[{"href":"https:\/\/terreno.eu\/it\/wp-json\/wp\/v2\/types\/page"}],"author":[{"embeddable":true,"href":"https:\/\/terreno.eu\/it\/wp-json\/wp\/v2\/users\/5"}],"replies":[{"embeddable":true,"href":"https:\/\/terreno.eu\/it\/wp-json\/wp\/v2\/comments?post=5426"}],"version-history":[{"count":88,"href":"https:\/\/terreno.eu\/it\/wp-json\/wp\/v2\/pages\/5426\/revisions"}],"predecessor-version":[{"id":9333,"href":"https:\/\/terreno.eu\/it\/wp-json\/wp\/v2\/pages\/5426\/revisions\/9333"}],"wp:attachment":[{"href":"https:\/\/terreno.eu\/it\/wp-json\/wp\/v2\/media?parent=5426"}],"curies":[{"name":"wp","href":"https:\/\/api.w.org\/{rel}","templated":true}]}}